{"id":776,"date":"2017-06-27T22:02:15","date_gmt":"2017-06-28T01:02:15","guid":{"rendered":"https:\/\/insurancecorp.com.br\/pt\/?page_id=776"},"modified":"2020-10-01T18:45:14","modified_gmt":"2020-10-01T21:45:14","slug":"contato-anuncie","status":"publish","type":"page","link":"https:\/\/insurancecorp.com.br\/pt\/contato-anuncie\/","title":{"rendered":"Contato"},"content":{"rendered":"<div id=\"pl-776\"  class=\"panel-layout\" ><div id=\"pg-776-0\"  class=\"panel-grid panel-no-style\" ><div id=\"pgc-776-0-0\"  class=\"panel-grid-cell\" ><div id=\"panel-776-0-0-0\" class=\"so-panel widget widget_space_widget panel-first-child panel-last-child\" data-index=\"0\" ><div class=\"clearfix\" style=\"height:20px\"><\/div><\/div><\/div><\/div><div id=\"pg-776-1\"  class=\"panel-grid panel-no-style\" ><div id=\"pgc-776-1-0\"  class=\"panel-grid-cell\" ><div id=\"panel-776-1-0-0\" class=\"so-panel widget widget_text panel-first-child\" data-index=\"1\" >\t\t\t<div class=\"textwidget\"><h1>Entre em contato<\/h1>\n<p>Voc\u00ea pode entrar em contato conosco atrav\u00e9s de nossos telefones, emails, ou pode utilizar nosso formul\u00e1rio de contato.<\/p>\n<\/div>\n\t\t<\/div><div id=\"panel-776-1-0-1\" class=\"so-panel widget widget_space_widget\" data-index=\"2\" ><div class=\"clearfix\" style=\"height:40px\"><\/div><\/div><div id=\"panel-776-1-0-2\" class=\"widget_text so-panel widget widget_custom_html panel-last-child\" data-index=\"3\" ><div class=\"textwidget custom-html-widget\"><iframe src=\"https:\/\/insurancecorp.com.br\/pt\/content\/info_cnt.html\" width=\"100%\" height=\"350\" frameborder=\"0\"><\/iframe><\/div><\/div><\/div><div id=\"pgc-776-1-1\"  class=\"panel-grid-cell\" ><div id=\"panel-776-1-1-0\" class=\"so-panel widget widget_space_widget panel-first-child\" data-index=\"4\" ><div class=\"clearfix\" style=\"height:20px\"><\/div><\/div><div id=\"panel-776-1-1-1\" class=\"so-panel widget widget_sow-contact-form\" data-index=\"5\" ><div class=\"so-widget-sow-contact-form so-widget-sow-contact-form-default-fe99257f7b6b-776\">\t<form action=\"#contact-form-d01a\"\n          method=\"POST\" class=\"sow-contact-form\" id=\"contact-form-d01a\">\n\n\t\t\n\t\t            <div class=\"sow-form-field sow-form-field-name\"><label class=\"sow-form-field-label-above\" for=\"sow-contact-form-field-nome-595fdd58d20ee\">\n\t\t\t\t<strong>\n\t\t\t\t\tNome\t\t\t\t\t\t\t\t\t<\/strong>\n\t\t\t<\/label>\n\t\t\t<span class=\"sow-field-container\">\t\t<input type=\"text\" name=\"nome-595fdd58d20ee\" id=\"sow-contact-form-field-nome-595fdd58d20ee\" value=\"\" class=\"sow-text-field\"\/>\n\t\t<\/span><\/div>            <div class=\"sow-form-field sow-form-field-email\"><label class=\"sow-form-field-label-above\" for=\"sow-contact-form-field-email-595fdd58d20ee\">\n\t\t\t\t<strong>\n\t\t\t\t\tEmail\t\t\t\t\t\t\t\t\t<\/strong>\n\t\t\t<\/label>\n\t\t\t<span class=\"sow-field-container\">\t\t<input type=\"email\" name=\"email-595fdd58d20ee\" id=\"sow-contact-form-field-email-595fdd58d20ee\" value=\"\" class=\"sow-text-field\"\/>\n\t\t<\/span><\/div>            <div class=\"sow-form-field sow-form-field-subject\"><label class=\"sow-form-field-label-above\" for=\"sow-contact-form-field-assunto-595fdd58d20ee\">\n\t\t\t\t<strong>\n\t\t\t\t\tAssunto\t\t\t\t\t\t\t\t\t<\/strong>\n\t\t\t<\/label>\n\t\t\t<span class=\"sow-field-container\">\t\t<input type=\"text\" name=\"assunto-595fdd58d20ee\" id=\"sow-contact-form-field-assunto-595fdd58d20ee\" value=\"\" class=\"sow-text-field\"\/>\n\t\t<\/span><\/div>            <div class=\"sow-form-field sow-form-field-textarea\"><label class=\"sow-form-field-label-above\" for=\"sow-contact-form-field-mensagem-595fdd58d20ee\">\n\t\t\t\t<strong>\n\t\t\t\t\tMensagem\t\t\t\t\t\t\t\t\t<\/strong>\n\t\t\t<\/label>\n\t\t\t<span class=\"sow-field-container\">\t\t<textarea name=\"mensagem-595fdd58d20ee\" id=\"sow-contact-form-field-mensagem-595fdd58d20ee\" rows=\"10\"><\/textarea>\n\t\t<\/span><\/div>\t\t<input type=\"hidden\" name=\"instance_hash\" value=\"d01affd9f6fb7428f5fee3e7050003cb\" \/>\n\t\t<input type=\"hidden\" id=\"_wpnonce\" name=\"_wpnonce\" value=\"8b2e2278e2\" \/><input type=\"hidden\" name=\"_wp_http_referer\" value=\"\/pt\/wp-json\/wp\/v2\/pages\/776\" \/>\n\t\t\n\t\t<div class=\"sow-submit-wrapper \">\n\t\t\t<input type=\"submit\" value=\"Enviar\" class=\"sow-submit\"\n\t\t\t\t   \t\t\t>\n\t\t<\/div>\n\t<\/form>\n\t<\/div><\/div><div id=\"panel-776-1-1-2\" class=\"so-panel widget widget_space_widget panel-last-child\" data-index=\"6\" ><div class=\"clearfix\" style=\"height:20px\"><\/div><\/div><\/div><\/div><div id=\"pg-776-2\"  class=\"panel-grid panel-no-style\" ><div id=\"pgc-776-2-0\"  class=\"panel-grid-cell\" ><div id=\"panel-776-2-0-0\" class=\"so-panel widget widget_text panel-first-child\" data-index=\"7\" >\t\t\t<div class=\"textwidget\"><h4>Receba nossas revistas!<\/h4>\n<p>Cadastre abaixo o seu Nome e Email para receber nossas revistas em formato digital.<\/p>\n<\/div>\n\t\t<\/div><div id=\"panel-776-2-0-1\" class=\"so-panel widget widget_sow-contact-form\" data-index=\"8\" ><div class=\"so-widget-sow-contact-form so-widget-sow-contact-form-default-fe99257f7b6b-776\">\t<form action=\"#contact-form-582f\"\n          method=\"POST\" class=\"sow-contact-form\" id=\"contact-form-582f\">\n\n\t\t\n\t\t            <div class=\"sow-form-field sow-form-field-name\"><label class=\"sow-form-field-label-above\" for=\"sow-contact-form-field-nome-595303339538f\">\n\t\t\t\t<strong>\n\t\t\t\t\tNome\t\t\t\t\t\t\t\t\t<\/strong>\n\t\t\t<\/label>\n\t\t\t<span class=\"sow-field-container\">\t\t<input type=\"text\" name=\"nome-595303339538f\" id=\"sow-contact-form-field-nome-595303339538f\" value=\"\" class=\"sow-text-field\"\/>\n\t\t<\/span><\/div>            <div class=\"sow-form-field sow-form-field-email\"><label class=\"sow-form-field-label-above\" for=\"sow-contact-form-field-email-595303339538f\">\n\t\t\t\t<strong>\n\t\t\t\t\tEmail\t\t\t\t\t\t\t\t\t<\/strong>\n\t\t\t<\/label>\n\t\t\t<span class=\"sow-field-container\">\t\t<input type=\"email\" name=\"email-595303339538f\" id=\"sow-contact-form-field-email-595303339538f\" value=\"\" class=\"sow-text-field\"\/>\n\t\t<\/span><\/div>\t\t<input type=\"hidden\" name=\"instance_hash\" value=\"582f5176d817a947848f866c541fe2fa\" \/>\n\t\t<input type=\"hidden\" id=\"_wpnonce\" name=\"_wpnonce\" value=\"8b2e2278e2\" \/><input type=\"hidden\" name=\"_wp_http_referer\" value=\"\/pt\/wp-json\/wp\/v2\/pages\/776\" \/>\n\t\t\n\t\t<div class=\"sow-submit-wrapper \">\n\t\t\t<input type=\"submit\" value=\"Enviar\" class=\"sow-submit\"\n\t\t\t\t   \t\t\t>\n\t\t<\/div>\n\t<\/form>\n\t<\/div><\/div><div id=\"panel-776-2-0-2\" class=\"so-panel widget widget_space_widget panel-last-child\" data-index=\"9\" ><div class=\"clearfix\" style=\"height:20px\"><\/div><\/div><\/div><\/div><\/div>","protected":false},"excerpt":{"rendered":"<p>Entre em contato Voc\u00ea pode entrar em contato conosco atrav\u00e9s de nossos telefones, emails, ou pode utilizar nosso formul\u00e1rio de contato.<\/p>\n","protected":false},"author":1,"featured_media":0,"parent":0,"menu_order":0,"comment_status":"closed","ping_status":"closed","template":"","meta":[],"yoast_head":"<!-- This site is optimized with the Yoast SEO plugin v14.8 - https:\/\/yoast.com\/wordpress\/plugins\/seo\/ -->\n<title>Revista Insurance Corp | Contato e An\u00fancios<\/title>\n<meta name=\"description\" content=\"Voc\u00ea pode entrar em contato conosco atrav\u00e9s de nossos telefones, emails, ou pode utilizar nosso formul\u00e1rio de contato.\" \/>\n<meta name=\"robots\" content=\"index, follow\" \/>\n<meta name=\"googlebot\" content=\"index, follow, max-snippet:-1, max-image-preview:large, max-video-preview:-1\" \/>\n<meta name=\"bingbot\" content=\"index, follow, max-snippet:-1, max-image-preview:large, max-video-preview:-1\" \/>\n<link rel=\"canonical\" href=\"https:\/\/insurancecorp.com.br\/pt\/contato-anuncie\/\" \/>\n<meta property=\"og:locale\" content=\"pt_BR\" \/>\n<meta property=\"og:type\" content=\"article\" \/>\n<meta property=\"og:title\" content=\"Revista Insurance Corp | Contato e An\u00fancios\" \/>\n<meta property=\"og:description\" content=\"Voc\u00ea pode entrar em contato conosco atrav\u00e9s de nossos telefones, emails, ou pode utilizar nosso formul\u00e1rio de contato.\" \/>\n<meta property=\"og:url\" content=\"https:\/\/insurancecorp.com.br\/pt\/contato-anuncie\/\" \/>\n<meta property=\"og:site_name\" content=\"Revista Insurance Corp | PT-BR\" \/>\n<meta property=\"article:publisher\" content=\"https:\/\/www.facebook.com\/RevistaInsuranceCorp\/\" \/>\n<meta property=\"article:modified_time\" content=\"2020-10-01T21:45:14+00:00\" \/>\n<meta name=\"twitter:card\" content=\"summary\" \/>\n<script type=\"application\/ld+json\" class=\"yoast-schema-graph\">{\"@context\":\"https:\/\/schema.org\",\"@graph\":[{\"@type\":\"Organization\",\"@id\":\"https:\/\/insurancecorp.com.br\/pt\/#organization\",\"name\":\"Revista Insurance Corp\",\"url\":\"https:\/\/insurancecorp.com.br\/pt\/\",\"sameAs\":[\"https:\/\/www.facebook.com\/RevistaInsuranceCorp\/\"],\"logo\":{\"@type\":\"ImageObject\",\"@id\":\"https:\/\/insurancecorp.com.br\/pt\/#logo\",\"inLanguage\":\"pt-BR\",\"url\":\"\",\"caption\":\"Revista Insurance Corp\"},\"image\":{\"@id\":\"https:\/\/insurancecorp.com.br\/pt\/#logo\"}},{\"@type\":\"WebSite\",\"@id\":\"https:\/\/insurancecorp.com.br\/pt\/#website\",\"url\":\"https:\/\/insurancecorp.com.br\/pt\/\",\"name\":\"Revista Insurance Corp | PT-BR\",\"description\":\"A \\u00fanica revista bil\\u00edngue voltada ao mercado de seguro.\",\"publisher\":{\"@id\":\"https:\/\/insurancecorp.com.br\/pt\/#organization\"},\"potentialAction\":[{\"@type\":\"SearchAction\",\"target\":\"https:\/\/insurancecorp.com.br\/pt\/?s={search_term_string}\",\"query-input\":\"required name=search_term_string\"}],\"inLanguage\":\"pt-BR\"},{\"@type\":\"WebPage\",\"@id\":\"https:\/\/insurancecorp.com.br\/pt\/contato-anuncie\/#webpage\",\"url\":\"https:\/\/insurancecorp.com.br\/pt\/contato-anuncie\/\",\"name\":\"Revista Insurance Corp | Contato e An\\u00fancios\",\"isPartOf\":{\"@id\":\"https:\/\/insurancecorp.com.br\/pt\/#website\"},\"datePublished\":\"2017-06-28T01:02:15+00:00\",\"dateModified\":\"2020-10-01T21:45:14+00:00\",\"description\":\"Voc\\u00ea pode entrar em contato conosco atrav\\u00e9s de nossos telefones, emails, ou pode utilizar nosso formul\\u00e1rio de contato.\",\"inLanguage\":\"pt-BR\",\"potentialAction\":[{\"@type\":\"ReadAction\",\"target\":[\"https:\/\/insurancecorp.com.br\/pt\/contato-anuncie\/\"]}]}]}<\/script>\n<!-- \/ Yoast SEO plugin. -->","_links":{"self":[{"href":"https:\/\/insurancecorp.com.br\/pt\/wp-json\/wp\/v2\/pages\/776"}],"collection":[{"href":"https:\/\/insurancecorp.com.br\/pt\/wp-json\/wp\/v2\/pages"}],"about":[{"href":"https:\/\/insurancecorp.com.br\/pt\/wp-json\/wp\/v2\/types\/page"}],"author":[{"embeddable":true,"href":"https:\/\/insurancecorp.com.br\/pt\/wp-json\/wp\/v2\/users\/1"}],"replies":[{"embeddable":true,"href":"https:\/\/insurancecorp.com.br\/pt\/wp-json\/wp\/v2\/comments?post=776"}],"version-history":[{"count":62,"href":"https:\/\/insurancecorp.com.br\/pt\/wp-json\/wp\/v2\/pages\/776\/revisions"}],"predecessor-version":[{"id":19296,"href":"https:\/\/insurancecorp.com.br\/pt\/wp-json\/wp\/v2\/pages\/776\/revisions\/19296"}],"wp:attachment":[{"href":"https:\/\/insurancecorp.com.br\/pt\/wp-json\/wp\/v2\/media?parent=776"}],"curies":[{"name":"wp","href":"https:\/\/api.w.org\/{rel}","templated":true}]}}