{"id":25,"date":"2017-06-19T15:23:31","date_gmt":"2017-06-19T18:23:31","guid":{"rendered":"https:\/\/insurancecorp.com.br\/pt\/?page_id=25"},"modified":"2026-02-26T00:18:02","modified_gmt":"2026-02-26T03:18:02","slug":"edicoes","status":"publish","type":"page","link":"https:\/\/insurancecorp.com.br\/pt\/edicoes\/","title":{"rendered":"Edi\u00e7\u00f5es"},"content":{"rendered":"<div id=\"pl-25\"  class=\"panel-layout\" ><div id=\"pg-25-0\"  class=\"panel-grid panel-no-style\" ><div id=\"pgc-25-0-0\"  class=\"panel-grid-cell\" ><div id=\"panel-25-0-0-0\" class=\"so-panel widget widget_space_widget panel-first-child panel-last-child\" data-index=\"0\" ><div class=\"clearfix\" style=\"height:20px\"><\/div><\/div><\/div><\/div><div id=\"pg-25-1\"  class=\"panel-grid panel-no-style\" ><div id=\"pgc-25-1-0\"  class=\"panel-grid-cell\" ><div id=\"panel-25-1-0-0\" class=\"so-panel widget widget_text panel-first-child\" data-index=\"1\" >\t\t\t<div class=\"textwidget\"><h1>Edi\u00e7\u00f5es<\/h1>\n<p align=\"justify\">Todas as edi\u00e7\u00f5es publicadas est\u00e3o listadas aqui. \u00c9 poss\u00edvel visualizar diretamente de seu navegador ou baixar os arquivos em <strong>PDF<\/strong>.<\/p>\n<\/div>\n\t\t<\/div><div id=\"panel-25-1-0-1\" class=\"so-panel widget widget_space_widget\" data-index=\"2\" ><div class=\"clearfix\" style=\"height:40px\"><\/div><\/div><div id=\"panel-25-1-0-2\" class=\"widget_text so-panel widget widget_custom_html\" data-index=\"3\" ><div class=\"textwidget custom-html-widget\"><iframe src=\"https:\/\/insurancecorp.com.br\/pt\/content\/ed.php\" width=\"100%\" height=\"1280\" frameborder=\"0\"><\/iframe><\/div><\/div><div id=\"panel-25-1-0-3\" class=\"so-panel widget widget_space_widget panel-last-child\" data-index=\"4\" ><div class=\"clearfix\" style=\"height:20px\"><\/div><\/div><\/div><div id=\"pgc-25-1-1\"  class=\"panel-grid-cell\" ><div id=\"panel-25-1-1-0\" class=\"widget_text so-panel widget widget_custom_html panel-first-child\" data-index=\"5\" ><div class=\"textwidget custom-html-widget\"><iframe src=\"https:\/\/insurancecorp.com.br\/pt\/content\/destaque.php\" width=\"320\" height=\"270\" frameborder=\"0\"><\/iframe><\/div><\/div><div id=\"panel-25-1-1-1\" class=\"widget_text so-panel widget widget_custom_html\" data-index=\"6\" ><div class=\"textwidget custom-html-widget\"><iframe src=\"https:\/\/insurancecorp.com.br\/pt\/content\/especial-forum-cremoneze_2026.php\" width=\"320\" height=\"270\" frameborder=\"0\"><\/iframe><\/div><\/div><div id=\"panel-25-1-1-2\" class=\"widget_text so-panel widget widget_custom_html\" data-index=\"7\" ><div class=\"textwidget custom-html-widget\"><iframe src=\"https:\/\/insurancecorp.com.br\/pt\/content\/especial-premio-2025.php\" width=\"320\" height=\"270\" frameborder=\"0\"><\/iframe><\/div><\/div><div id=\"panel-25-1-1-3\" class=\"widget_text so-panel widget widget_custom_html\" data-index=\"8\" ><div class=\"textwidget custom-html-widget\"><iframe src=\"https:\/\/insurancecorp.com.br\/pt\/content\/especial-premio-2024.php\" width=\"320\" height=\"270\" frameborder=\"0\"><\/iframe><\/div><\/div><div id=\"panel-25-1-1-4\" class=\"widget_text so-panel widget widget_custom_html\" data-index=\"9\" ><div class=\"textwidget custom-html-widget\"><iframe src=\"https:\/\/insurancecorp.com.br\/pt\/content\/especial-cist-2023.php\" width=\"320\" height=\"270\" frameborder=\"0\"><\/iframe><\/div><\/div><div id=\"panel-25-1-1-5\" class=\"widget_text so-panel widget widget_custom_html\" data-index=\"10\" ><div class=\"textwidget custom-html-widget\"><iframe src=\"https:\/\/insurancecorp.com.br\/pt\/content\/caderno-fides-rio-2023.php\" width=\"320\" height=\"270\" frameborder=\"0\"><\/iframe><\/div><\/div><div id=\"panel-25-1-1-6\" class=\"widget_text so-panel widget widget_custom_html\" data-index=\"11\" ><div class=\"textwidget custom-html-widget\"><iframe src=\"https:\/\/insurancecorp.com.br\/pt\/content\/especial-premio-2023.php\" width=\"320\" height=\"270\" frameborder=\"0\"><\/iframe><\/div><\/div><div id=\"panel-25-1-1-7\" class=\"widget_text so-panel widget widget_custom_html\" data-index=\"12\" ><div class=\"textwidget custom-html-widget\"><iframe src=\"https:\/\/insurancecorp.com.br\/pt\/content\/especial-premio-2022.php\" width=\"320\" height=\"270\" frameborder=\"0\"><\/iframe><\/div><\/div><div id=\"panel-25-1-1-8\" class=\"widget_text so-panel widget widget_custom_html\" data-index=\"13\" ><div class=\"textwidget custom-html-widget\"><iframe src=\"https:\/\/insurancecorp.com.br\/pt\/content\/especial-premio-2021.php\" width=\"320\" height=\"270\" frameborder=\"0\"><\/iframe><\/div><\/div><div id=\"panel-25-1-1-9\" class=\"widget_text so-panel widget widget_custom_html\" data-index=\"14\" ><div class=\"textwidget custom-html-widget\"><iframe src=\"https:\/\/insurancecorp.com.br\/pt\/content\/especial-premio-2020.php\" width=\"320\" height=\"270\" frameborder=\"0\"><\/iframe><\/div><\/div><div id=\"panel-25-1-1-10\" class=\"widget_text so-panel widget widget_custom_html\" data-index=\"15\" ><div class=\"textwidget custom-html-widget\"><iframe src=\"https:\/\/insurancecorp.com.br\/pt\/content\/especial-premio.php\" width=\"320\" height=\"270\" frameborder=\"0\"><\/iframe><\/div><\/div><div id=\"panel-25-1-1-11\" class=\"widget_text so-panel widget widget_custom_html\" data-index=\"16\" ><div class=\"textwidget custom-html-widget\"><iframe src=\"https:\/\/insurancecorp.com.br\/pt\/content\/especial-3.php\" width=\"320\" height=\"270\" frameborder=\"0\"><\/iframe><\/div><\/div><div id=\"panel-25-1-1-12\" class=\"widget_text so-panel widget widget_custom_html\" data-index=\"17\" ><div class=\"textwidget custom-html-widget\"><iframe src=\"https:\/\/insurancecorp.com.br\/pt\/content\/especial-2.php\" width=\"320\" height=\"270\" frameborder=\"0\"><\/iframe><\/div><\/div><div id=\"panel-25-1-1-13\" class=\"widget_text so-panel widget widget_custom_html\" data-index=\"18\" ><div class=\"textwidget custom-html-widget\"><iframe src=\"https:\/\/insurancecorp.com.br\/pt\/content\/especial.php\" width=\"320\" height=\"270\" frameborder=\"0\"><\/iframe><\/div><\/div><div id=\"panel-25-1-1-14\" class=\"so-panel widget widget_space_widget panel-last-child\" data-index=\"19\" ><div class=\"clearfix\" style=\"height:10px\"><\/div><\/div><\/div><\/div><\/div>","protected":false},"excerpt":{"rendered":"<p>Edi\u00e7\u00f5es Todas as edi\u00e7\u00f5es publicadas est\u00e3o listadas aqui. \u00c9 poss\u00edvel visualizar diretamente de seu navegador ou baixar os arquivos em PDF.<\/p>\n","protected":false},"author":1,"featured_media":0,"parent":0,"menu_order":0,"comment_status":"closed","ping_status":"closed","template":"","meta":[],"yoast_head":"<!-- This site is optimized with the Yoast SEO plugin v14.8 - https:\/\/yoast.com\/wordpress\/plugins\/seo\/ -->\n<title>Revista Insurance Corp | Todas as Edi\u00e7\u00f5es da Revista<\/title>\n<meta name=\"description\" content=\"Todas as edi\u00e7\u00f5es publicadas da Revista Insurance Corp em formato PDF. \u00c9 a \u00fanica revista bil\u00edngue voltada ao mercado de seguros.\" \/>\n<meta name=\"robots\" content=\"index, follow\" \/>\n<meta name=\"googlebot\" content=\"index, follow, max-snippet:-1, max-image-preview:large, max-video-preview:-1\" \/>\n<meta name=\"bingbot\" content=\"index, follow, max-snippet:-1, max-image-preview:large, max-video-preview:-1\" \/>\n<link rel=\"canonical\" href=\"https:\/\/insurancecorp.com.br\/pt\/edicoes\/\" \/>\n<meta property=\"og:locale\" content=\"pt_BR\" \/>\n<meta property=\"og:type\" content=\"article\" \/>\n<meta property=\"og:title\" content=\"Revista Insurance Corp | Todas as Edi\u00e7\u00f5es da Revista\" \/>\n<meta property=\"og:description\" content=\"Todas as edi\u00e7\u00f5es publicadas da Revista Insurance Corp em formato PDF. \u00c9 a \u00fanica revista bil\u00edngue voltada ao mercado de seguros.\" \/>\n<meta property=\"og:url\" content=\"https:\/\/insurancecorp.com.br\/pt\/edicoes\/\" \/>\n<meta property=\"og:site_name\" content=\"Revista Insurance Corp | PT-BR\" \/>\n<meta property=\"article:publisher\" content=\"https:\/\/www.facebook.com\/RevistaInsuranceCorp\/\" \/>\n<meta property=\"article:modified_time\" content=\"2026-02-26T03:18:02+00:00\" \/>\n<meta name=\"twitter:card\" content=\"summary\" \/>\n<script type=\"application\/ld+json\" class=\"yoast-schema-graph\">{\"@context\":\"https:\/\/schema.org\",\"@graph\":[{\"@type\":\"Organization\",\"@id\":\"https:\/\/insurancecorp.com.br\/pt\/#organization\",\"name\":\"Revista Insurance Corp\",\"url\":\"https:\/\/insurancecorp.com.br\/pt\/\",\"sameAs\":[\"https:\/\/www.facebook.com\/RevistaInsuranceCorp\/\"],\"logo\":{\"@type\":\"ImageObject\",\"@id\":\"https:\/\/insurancecorp.com.br\/pt\/#logo\",\"inLanguage\":\"pt-BR\",\"url\":\"\",\"caption\":\"Revista Insurance Corp\"},\"image\":{\"@id\":\"https:\/\/insurancecorp.com.br\/pt\/#logo\"}},{\"@type\":\"WebSite\",\"@id\":\"https:\/\/insurancecorp.com.br\/pt\/#website\",\"url\":\"https:\/\/insurancecorp.com.br\/pt\/\",\"name\":\"Revista Insurance Corp | PT-BR\",\"description\":\"A \\u00fanica revista bil\\u00edngue voltada ao mercado de seguro.\",\"publisher\":{\"@id\":\"https:\/\/insurancecorp.com.br\/pt\/#organization\"},\"potentialAction\":[{\"@type\":\"SearchAction\",\"target\":\"https:\/\/insurancecorp.com.br\/pt\/?s={search_term_string}\",\"query-input\":\"required name=search_term_string\"}],\"inLanguage\":\"pt-BR\"},{\"@type\":\"WebPage\",\"@id\":\"https:\/\/insurancecorp.com.br\/pt\/edicoes\/#webpage\",\"url\":\"https:\/\/insurancecorp.com.br\/pt\/edicoes\/\",\"name\":\"Revista Insurance Corp | Todas as Edi\\u00e7\\u00f5es da Revista\",\"isPartOf\":{\"@id\":\"https:\/\/insurancecorp.com.br\/pt\/#website\"},\"datePublished\":\"2017-06-19T18:23:31+00:00\",\"dateModified\":\"2026-02-26T03:18:02+00:00\",\"description\":\"Todas as edi\\u00e7\\u00f5es publicadas da Revista Insurance Corp em formato PDF. \\u00c9 a \\u00fanica revista bil\\u00edngue voltada ao mercado de seguros.\",\"inLanguage\":\"pt-BR\",\"potentialAction\":[{\"@type\":\"ReadAction\",\"target\":[\"https:\/\/insurancecorp.com.br\/pt\/edicoes\/\"]}]}]}<\/script>\n<!-- \/ Yoast SEO plugin. -->","_links":{"self":[{"href":"https:\/\/insurancecorp.com.br\/pt\/wp-json\/wp\/v2\/pages\/25"}],"collection":[{"href":"https:\/\/insurancecorp.com.br\/pt\/wp-json\/wp\/v2\/pages"}],"about":[{"href":"https:\/\/insurancecorp.com.br\/pt\/wp-json\/wp\/v2\/types\/page"}],"author":[{"embeddable":true,"href":"https:\/\/insurancecorp.com.br\/pt\/wp-json\/wp\/v2\/users\/1"}],"replies":[{"embeddable":true,"href":"https:\/\/insurancecorp.com.br\/pt\/wp-json\/wp\/v2\/comments?post=25"}],"version-history":[{"count":158,"href":"https:\/\/insurancecorp.com.br\/pt\/wp-json\/wp\/v2\/pages\/25\/revisions"}],"predecessor-version":[{"id":77204,"href":"https:\/\/insurancecorp.com.br\/pt\/wp-json\/wp\/v2\/pages\/25\/revisions\/77204"}],"wp:attachment":[{"href":"https:\/\/insurancecorp.com.br\/pt\/wp-json\/wp\/v2\/media?parent=25"}],"curies":[{"name":"wp","href":"https:\/\/api.w.org\/{rel}","templated":true}]}}