{"id":2,"date":"2017-06-19T14:14:08","date_gmt":"2017-06-19T17:14:08","guid":{"rendered":"https:\/\/insurancecorp.com.br\/pt\/?page_id=2"},"modified":"2020-04-13T19:42:17","modified_gmt":"2020-04-13T22:42:17","slug":"quem-somos","status":"publish","type":"page","link":"https:\/\/insurancecorp.com.br\/pt\/quem-somos\/","title":{"rendered":"Quem Somos"},"content":{"rendered":"<div id=\"pl-2\"  class=\"panel-layout\" >\n<div id=\"pg-2-0\"  class=\"panel-grid panel-no-style\"  data-style=\"{&quot;background_display&quot;:&quot;tile&quot;,&quot;sticky_row&quot;:&quot;&quot;,&quot;cell_alignment&quot;:&quot;flex-start&quot;}\" >\n<div id=\"pgc-2-0-0\"  class=\"panel-grid-cell\"  data-weight=\"1\" >\n<div id=\"panel-2-0-0-0\" class=\"so-panel widget widget_space_widget panel-first-child\" data-index=\"0\" data-style=\"{&quot;background_display&quot;:&quot;tile&quot;}\" ><div class=\"clearfix\" style=\"height:20px\"><\/div><\/div>\n<div id=\"panel-2-0-0-1\" class=\"so-panel widget widget_sow-editor\" data-index=\"1\" data-style=\"{&quot;background_image_attachment&quot;:false,&quot;background_display&quot;:&quot;tile&quot;}\" >\n<div class=\"so-widget-sow-editor so-widget-sow-editor-base\">\n<div class=\"siteorigin-widget-tinymce textwidget\">\n<h1>Quem Somos<\/h1>\n<p align=\"justify\">Editada pela Editora Incremento Ltda, a <strong>Revista Insurance Corp<\/strong> iniciou suas atividades em 2015, com um objetivo claro: ser um ve\u00edculo especializado em seguros, previd\u00eancia privada, resseguro, capitaliza\u00e7\u00e3o, sa\u00fade suplementar e a presta\u00e7\u00e3o de servi\u00e7os voltados a essas \u00e1reas. A publica\u00e7\u00e3o aborda a gest\u00e3o e vis\u00e3o estrat\u00e9gica o gerenciamento de riscos. O conte\u00fado da revista \u00e9 bil\u00edngue (portugu\u00eas e ingl\u00eas).<\/p>\n<p align=\"justify\">Durante toda a sua trajet\u00f3ria, a equipe de <strong>Insurance Corp<\/strong> desenvolveu mat\u00e9rias e reportagens ligadas a temas de interesse dos players do setor. Fez entrevistas com personalidades de reconhecimento nacional e internacional e cobriu eventos de grande envergadura tais como o Encontro de Resseguro do Rio de Janeiro, o Semin\u00e1rio Internacional de Ger\u00eancia de Riscos e Segu?ros e o Conec \u2013 Congresso dos Corretores de Seguros.<\/p>\n<p align=\"justify\">O p\u00fablico-alvo do ve\u00edculo \u00e9 formado por profissionais de seguradoras e resseguradoras, corretores de seguros, brokers de resseguro, entidades associativas e de classe, bem como empresas de avalia\u00e7\u00e3o, vistoria, regula\u00e7\u00e3o de sinistros, de leil\u00e3o, prestadores de servi\u00e7os, assim como empresas que buscam coberturas que atendam adequadamente suas atividades e responsabilidades.<\/p>\n<p align=\"justify\"><strong>Abrang\u00eancia<\/strong> \u2013 Periodicidade bimestral, circula\u00e7\u00e3o nacional e internacional, com tiragem de 5 mil exemplares (impresso). <strong>Insurance Corp<\/strong> faz um diagn\u00f3stico preciso do setor, apresentando n\u00fameros, fatos e estat\u00edsticas, com a chancela de experientes profissionais e renomados articulistas. Al\u00e9m da vers\u00e3o impressa, enviamos a vers\u00e3o eletr\u00f4nica aos profissionais cadastrados no site e no mailing.<\/p>\n<h2>Miss\u00e3o<\/h2>\n<p align=\"justify\">Atender \u00e0s necessidades dos profissionais que militam em suas respectivas \u00e1reas de atua\u00e7\u00e3o de forma clara e objetiva.<\/p>\n<h2>Vis\u00e3o<\/h2>\n<p align=\"justify\">Ser reconhecida como uma refer\u00eancia no mercado de seguros e resseguro, por meio do conte\u00fado das publica\u00e7\u00f5es, pelos profissionais comprometidos com suas atividades.<\/p>\n<\/div>\n<\/div>\n<\/div>\n<div id=\"panel-2-0-0-2\" class=\"so-panel widget widget_space_widget panel-last-child\" data-index=\"2\" data-style=\"{&quot;background_display&quot;:&quot;tile&quot;}\" ><div class=\"clearfix\" style=\"height:20px\"><\/div><\/div>\n<\/div>\n<\/div>\n<\/div>\n","protected":false},"excerpt":{"rendered":"<p>Quem Somos Editada pela Editora Incremento Ltda, a Revista Insurance Corp iniciou suas atividades em 2015, com um objetivo claro: ser um ve\u00edculo especializado em seguros, previd\u00eancia privada, resseguro, capitaliza\u00e7\u00e3o, sa\u00fade suplementar e a presta\u00e7\u00e3o de servi\u00e7os voltados a essas \u00e1reas. A publica\u00e7\u00e3o aborda a gest\u00e3o e vis\u00e3o estrat\u00e9gica o gerenciamento de riscos. O conte\u00fado [&hellip;]<\/p>\n","protected":false},"author":1,"featured_media":0,"parent":0,"menu_order":0,"comment_status":"closed","ping_status":"open","template":"","meta":[],"yoast_head":"<!-- This site is optimized with the Yoast SEO plugin v14.8 - https:\/\/yoast.com\/wordpress\/plugins\/seo\/ -->\n<title>Quem Somos | Revista Insurance Corp | PT-BR<\/title>\n<meta name=\"robots\" content=\"index, follow\" \/>\n<meta name=\"googlebot\" content=\"index, follow, max-snippet:-1, max-image-preview:large, max-video-preview:-1\" \/>\n<meta name=\"bingbot\" content=\"index, follow, max-snippet:-1, max-image-preview:large, max-video-preview:-1\" \/>\n<link rel=\"canonical\" href=\"https:\/\/insurancecorp.com.br\/pt\/quem-somos\/\" \/>\n<meta property=\"og:locale\" content=\"pt_BR\" \/>\n<meta property=\"og:type\" content=\"article\" \/>\n<meta property=\"og:title\" content=\"Quem Somos | Revista Insurance Corp | PT-BR\" \/>\n<meta property=\"og:description\" content=\"Quem Somos Editada pela Editora Incremento Ltda, a Revista Insurance Corp iniciou suas atividades em 2015, com um objetivo claro: ser um ve\u00edculo especializado em seguros, previd\u00eancia privada, resseguro, capitaliza\u00e7\u00e3o, sa\u00fade suplementar e a presta\u00e7\u00e3o de servi\u00e7os voltados a essas \u00e1reas. A publica\u00e7\u00e3o aborda a gest\u00e3o e vis\u00e3o estrat\u00e9gica o gerenciamento de riscos. O conte\u00fado [&hellip;]\" \/>\n<meta property=\"og:url\" content=\"https:\/\/insurancecorp.com.br\/pt\/quem-somos\/\" \/>\n<meta property=\"og:site_name\" content=\"Revista Insurance Corp | PT-BR\" \/>\n<meta property=\"article:publisher\" content=\"https:\/\/www.facebook.com\/RevistaInsuranceCorp\/\" \/>\n<meta property=\"article:modified_time\" content=\"2020-04-13T22:42:17+00:00\" \/>\n<meta name=\"twitter:card\" content=\"summary\" \/>\n<script type=\"application\/ld+json\" class=\"yoast-schema-graph\">{\"@context\":\"https:\/\/schema.org\",\"@graph\":[{\"@type\":\"Organization\",\"@id\":\"https:\/\/insurancecorp.com.br\/pt\/#organization\",\"name\":\"Revista Insurance Corp\",\"url\":\"https:\/\/insurancecorp.com.br\/pt\/\",\"sameAs\":[\"https:\/\/www.facebook.com\/RevistaInsuranceCorp\/\"],\"logo\":{\"@type\":\"ImageObject\",\"@id\":\"https:\/\/insurancecorp.com.br\/pt\/#logo\",\"inLanguage\":\"pt-BR\",\"url\":\"\",\"caption\":\"Revista Insurance Corp\"},\"image\":{\"@id\":\"https:\/\/insurancecorp.com.br\/pt\/#logo\"}},{\"@type\":\"WebSite\",\"@id\":\"https:\/\/insurancecorp.com.br\/pt\/#website\",\"url\":\"https:\/\/insurancecorp.com.br\/pt\/\",\"name\":\"Revista Insurance Corp | PT-BR\",\"description\":\"A \\u00fanica revista bil\\u00edngue voltada ao mercado de seguro.\",\"publisher\":{\"@id\":\"https:\/\/insurancecorp.com.br\/pt\/#organization\"},\"potentialAction\":[{\"@type\":\"SearchAction\",\"target\":\"https:\/\/insurancecorp.com.br\/pt\/?s={search_term_string}\",\"query-input\":\"required name=search_term_string\"}],\"inLanguage\":\"pt-BR\"},{\"@type\":\"WebPage\",\"@id\":\"https:\/\/insurancecorp.com.br\/pt\/quem-somos\/#webpage\",\"url\":\"https:\/\/insurancecorp.com.br\/pt\/quem-somos\/\",\"name\":\"Quem Somos | Revista Insurance Corp | PT-BR\",\"isPartOf\":{\"@id\":\"https:\/\/insurancecorp.com.br\/pt\/#website\"},\"datePublished\":\"2017-06-19T17:14:08+00:00\",\"dateModified\":\"2020-04-13T22:42:17+00:00\",\"inLanguage\":\"pt-BR\",\"potentialAction\":[{\"@type\":\"ReadAction\",\"target\":[\"https:\/\/insurancecorp.com.br\/pt\/quem-somos\/\"]}]}]}<\/script>\n<!-- \/ Yoast SEO plugin. -->","_links":{"self":[{"href":"https:\/\/insurancecorp.com.br\/pt\/wp-json\/wp\/v2\/pages\/2"}],"collection":[{"href":"https:\/\/insurancecorp.com.br\/pt\/wp-json\/wp\/v2\/pages"}],"about":[{"href":"https:\/\/insurancecorp.com.br\/pt\/wp-json\/wp\/v2\/types\/page"}],"author":[{"embeddable":true,"href":"https:\/\/insurancecorp.com.br\/pt\/wp-json\/wp\/v2\/users\/1"}],"replies":[{"embeddable":true,"href":"https:\/\/insurancecorp.com.br\/pt\/wp-json\/wp\/v2\/comments?post=2"}],"version-history":[{"count":76,"href":"https:\/\/insurancecorp.com.br\/pt\/wp-json\/wp\/v2\/pages\/2\/revisions"}],"predecessor-version":[{"id":15230,"href":"https:\/\/insurancecorp.com.br\/pt\/wp-json\/wp\/v2\/pages\/2\/revisions\/15230"}],"wp:attachment":[{"href":"https:\/\/insurancecorp.com.br\/pt\/wp-json\/wp\/v2\/media?parent=2"}],"curies":[{"name":"wp","href":"https:\/\/api.w.org\/{rel}","templated":true}]}}